{"id":407,"date":"2024-12-08T12:34:03","date_gmt":"2024-12-08T11:34:03","guid":{"rendered":"https:\/\/nwww.generalcom.hu\/?page_id=407"},"modified":"2025-02-11T18:58:16","modified_gmt":"2025-02-11T17:58:16","slug":"impressum","status":"publish","type":"page","link":"https:\/\/www.generalcom.hu\/en\/impresszum\/","title":{"rendered":"Impressum"},"content":{"rendered":"<div data-elementor-type=\"wp-page\" data-elementor-id=\"407\" class=\"elementor elementor-407\" data-elementor-post-type=\"page\">\n\t\t\t\t<div class=\"elementor-element elementor-element-222522e e-flex e-con-boxed e-con e-parent\" data-id=\"222522e\" data-element_type=\"container\" data-e-type=\"container\" data-settings=\"{&quot;jet_parallax_layout_list&quot;:[]}\">\n\t\t\t\t\t<div class=\"e-con-inner\">\n\t\t<div class=\"elementor-element elementor-element-202ef3d e-con-full e-flex e-con e-child\" data-id=\"202ef3d\" data-element_type=\"container\" data-e-type=\"container\" data-settings=\"{&quot;jet_parallax_layout_list&quot;:[]}\">\n\t\t\t\t<div class=\"elementor-element elementor-element-6437dac elementor-widget elementor-widget-heading\" data-id=\"6437dac\" data-element_type=\"widget\" data-e-type=\"widget\" data-widget_type=\"heading.default\">\n\t\t\t\t\t<h1 class=\"elementor-heading-title elementor-size-default\">Impressum<\/h1>\t\t\t\t<\/div>\n\t\t\t\t<\/div>\n\t\t<div class=\"elementor-element elementor-element-937095a e-con-full e-flex e-con e-child\" data-id=\"937095a\" data-element_type=\"container\" data-e-type=\"container\" data-settings=\"{&quot;jet_parallax_layout_list&quot;:[]}\">\n\t\t<div class=\"elementor-element elementor-element-48b6cb7 e-con-full e-flex e-con e-child\" data-id=\"48b6cb7\" data-element_type=\"container\" data-e-type=\"container\" data-settings=\"{&quot;jet_parallax_layout_list&quot;:[]}\">\n\t\t\t\t<div class=\"elementor-element elementor-element-61d5037 elementor-widget elementor-widget-text-editor\" data-id=\"61d5037\" data-element_type=\"widget\" data-e-type=\"widget\" data-widget_type=\"text-editor.default\">\n\t\t\t\t\t\t\t\t\t<p>Details and contact information of the website owner and hosting provider.<\/p>\t\t\t\t\t\t\t\t<\/div>\n\t\t\t\t<\/div>\n\t\t\t\t<\/div>\n\t\t\t\t\t<\/div>\n\t\t\t\t<\/div>\n\t\t<div class=\"elementor-element elementor-element-922e180 e-con-full e-flex e-con e-parent\" data-id=\"922e180\" data-element_type=\"container\" data-e-type=\"container\" data-settings=\"{&quot;jet_parallax_layout_list&quot;:[]}\">\n\t\t\t\t<div class=\"elementor-element elementor-element-69a1db8 elementor-widget-divider--view-line elementor-widget elementor-widget-divider\" data-id=\"69a1db8\" data-element_type=\"widget\" data-e-type=\"widget\" data-widget_type=\"divider.default\">\n\t\t\t\t\t\t\t<div class=\"elementor-divider\">\n\t\t\t<span class=\"elementor-divider-separator\">\n\t\t\t\t\t\t<\/span>\n\t\t<\/div>\n\t\t\t\t\t\t<\/div>\n\t\t\t\t<\/div>\n\t\t<div class=\"elementor-element elementor-element-94ebd98 e-flex e-con-boxed e-con e-parent\" data-id=\"94ebd98\" data-element_type=\"container\" data-e-type=\"container\" data-settings=\"{&quot;jet_parallax_layout_list&quot;:[]}\">\n\t\t\t\t\t<div class=\"e-con-inner\">\n\t\t<div class=\"elementor-element elementor-element-12e48a9 e-con-full e-flex e-con e-child\" data-id=\"12e48a9\" data-element_type=\"container\" data-e-type=\"container\" data-settings=\"{&quot;jet_parallax_layout_list&quot;:[]}\">\n\t\t<div class=\"elementor-element elementor-element-e98f8b2 e-con-full e-flex e-con e-child\" data-id=\"e98f8b2\" data-element_type=\"container\" data-e-type=\"container\" data-settings=\"{&quot;jet_parallax_layout_list&quot;:[]}\">\n\t\t\t\t<div class=\"elementor-element elementor-element-9ed99ac elementor-widget elementor-widget-heading\" data-id=\"9ed99ac\" data-element_type=\"widget\" data-e-type=\"widget\" data-widget_type=\"heading.default\">\n\t\t\t\t\t<h2 class=\"elementor-heading-title elementor-size-default\">Details of the website owner<\/h2>\t\t\t\t<\/div>\n\t\t\t\t<div class=\"elementor-element elementor-element-1a1ff2d elementor-widget elementor-widget-text-editor\" data-id=\"1a1ff2d\" data-element_type=\"widget\" data-e-type=\"widget\" data-widget_type=\"text-editor.default\">\n\t\t\t\t\t\t\t\t\t<ul><li>Legal name: GeneralCom M\u00e9rn\u00f6ki Kft.<\/li><li>Address: H-2040 Buda\u00f6rs, 1 Farkasr\u00e9ti street<\/li><li>VAT nr: 12146051-2-13<\/li><li>Electronic mail address: generalcom@generalcom.hu<\/li><li>Website: <a href=\"https:\/\/www.generalcom.hu\/en\/\">www.generalcom.hu<\/a><\/li><\/ul>\t\t\t\t\t\t\t\t<\/div>\n\t\t\t\t<\/div>\n\t\t<div class=\"elementor-element elementor-element-3ecb377 e-con-full e-flex e-con e-child\" data-id=\"3ecb377\" data-element_type=\"container\" data-e-type=\"container\" data-settings=\"{&quot;jet_parallax_layout_list&quot;:[]}\">\n\t\t\t\t<div class=\"elementor-element elementor-element-0069c64 elementor-widget elementor-widget-heading\" data-id=\"0069c64\" data-element_type=\"widget\" data-e-type=\"widget\" data-widget_type=\"heading.default\">\n\t\t\t\t\t<h2 class=\"elementor-heading-title elementor-size-default\">Details of the hosting provider<\/h2>\t\t\t\t<\/div>\n\t\t\t\t<div class=\"elementor-element elementor-element-acb2012 elementor-widget elementor-widget-text-editor\" data-id=\"acb2012\" data-element_type=\"widget\" data-e-type=\"widget\" data-widget_type=\"text-editor.default\">\n\t\t\t\t\t\t\t\t\t<ul><li>Legal name: GeneralCom M\u00e9rn\u00f6ki Kft.<\/li><li>Address: H-2040 Buda\u00f6rs, 1 Farkasr\u00e9ti street<\/li><li>VAT nr: 12146051-2-13<\/li><li>Company registration number: 13-09-072373<\/li><li>Electronic mail address: generalcom@generalcom.hu<\/li><li>Phone number: +3623-444-634<\/li><li>Website: <a href=\"https:\/\/www.generalcom.hu\/en\/\">www.generalcom.hu<\/a><\/li><\/ul>\t\t\t\t\t\t\t\t<\/div>\n\t\t\t\t<\/div>\n\t\t\t\t<\/div>\n\t\t\t\t\t<\/div>\n\t\t\t\t<\/div>\n\t\t\t\t<\/div>","protected":false},"excerpt":{"rendered":"<p>Impresszum A weboldal tulajdonos\u00e1nak \u00e9s t\u00e1rhelyszolg\u00e1ltat\u00f3j\u00e1nak adatai \u00e9s el\u00e9rhet\u0151s\u00e9gei. Weboldal tulajdonos\u00e1nak adatai N\u00e9v: GeneralCom M\u00e9rn\u00f6ki Kft. Sz\u00e9khely: 2040 Buda\u00f6rs, Farkasr\u00e9ti \u00fat 1. Ad\u00f3sz\u00e1m: 12146051-2-13 Elektronikus levelez\u00e9si c\u00edm: generalcom@generalcom.hu Weboldal c\u00edme: www.generalcom.hu T\u00e1rhely tulajdonos\u00e1nak adatai N\u00e9v: GeneralCom M\u00e9rn\u00f6ki Kft. Sz\u00e9khely: 2040 Buda\u00f6rs, Farkasr\u00e9ti \u00fat 1. Ad\u00f3sz\u00e1m: 12146051-2-13 C\u00e9gjegyz\u00e9ksz\u00e1m: 13-09-072373 Elektronikus levelez\u00e9si c\u00edm: generalcom@generalcom.hu Telefonsz\u00e1m: +3623-444-634 Weboldal [&hellip;]<\/p>\n","protected":false},"author":1,"featured_media":0,"parent":0,"menu_order":0,"comment_status":"closed","ping_status":"closed","template":"","meta":{"inline_featured_image":false,"footnotes":""},"class_list":["post-407","page","type-page","status-publish","hentry"],"yoast_head":"<!-- This site is optimized with the Yoast SEO Premium plugin v27.4 (Yoast SEO v27.4) - https:\/\/yoast.com\/product\/yoast-seo-premium-wordpress\/ -->\n<title>Impresszum - GeneralCom<\/title>\n<meta name=\"robots\" content=\"index, follow, max-snippet:-1, max-image-preview:large, max-video-preview:-1\" \/>\n<link rel=\"canonical\" href=\"https:\/\/www.generalcom.hu\/en\/impressum\/\" \/>\n<meta property=\"og:locale\" content=\"en_GB\" \/>\n<meta property=\"og:type\" content=\"article\" \/>\n<meta property=\"og:title\" content=\"Impresszum\" \/>\n<meta property=\"og:description\" content=\"Impresszum A weboldal tulajdonos\u00e1nak \u00e9s t\u00e1rhelyszolg\u00e1ltat\u00f3j\u00e1nak adatai \u00e9s el\u00e9rhet\u0151s\u00e9gei. Weboldal tulajdonos\u00e1nak adatai N\u00e9v: GeneralCom M\u00e9rn\u00f6ki Kft. Sz\u00e9khely: 2040 Buda\u00f6rs, Farkasr\u00e9ti \u00fat 1. Ad\u00f3sz\u00e1m: 12146051-2-13 Elektronikus levelez\u00e9si c\u00edm: generalcom@generalcom.hu Weboldal c\u00edme: www.generalcom.hu T\u00e1rhely tulajdonos\u00e1nak adatai N\u00e9v: GeneralCom M\u00e9rn\u00f6ki Kft. Sz\u00e9khely: 2040 Buda\u00f6rs, Farkasr\u00e9ti \u00fat 1. Ad\u00f3sz\u00e1m: 12146051-2-13 C\u00e9gjegyz\u00e9ksz\u00e1m: 13-09-072373 Elektronikus levelez\u00e9si c\u00edm: generalcom@generalcom.hu Telefonsz\u00e1m: +3623-444-634 Weboldal [&hellip;]\" \/>\n<meta property=\"og:url\" content=\"https:\/\/www.generalcom.hu\/en\/impressum\/\" \/>\n<meta property=\"og:site_name\" content=\"GeneralCom\" \/>\n<meta property=\"article:publisher\" content=\"https:\/\/www.facebook.com\/generalcomkft\/\" \/>\n<meta property=\"article:modified_time\" content=\"2025-02-11T17:58:16+00:00\" \/>\n<meta name=\"twitter:card\" content=\"summary_large_image\" \/>\n<meta name=\"twitter:label1\" content=\"Estimated reading time\" \/>\n\t<meta name=\"twitter:data1\" content=\"1 minute\" \/>\n<script type=\"application\/ld+json\" class=\"yoast-schema-graph\">{\"@context\":\"https:\\\/\\\/schema.org\",\"@graph\":[{\"@type\":\"WebPage\",\"@id\":\"https:\\\/\\\/www.generalcom.hu\\\/impresszum\\\/\",\"url\":\"https:\\\/\\\/www.generalcom.hu\\\/impresszum\\\/\",\"name\":\"Impresszum - GeneralCom\",\"isPartOf\":{\"@id\":\"https:\\\/\\\/www.generalcom.hu\\\/#website\"},\"datePublished\":\"2024-12-08T11:34:03+00:00\",\"dateModified\":\"2025-02-11T17:58:16+00:00\",\"breadcrumb\":{\"@id\":\"https:\\\/\\\/www.generalcom.hu\\\/impresszum\\\/#breadcrumb\"},\"inLanguage\":\"en-GB\",\"potentialAction\":[{\"@type\":\"ReadAction\",\"target\":[\"https:\\\/\\\/www.generalcom.hu\\\/impresszum\\\/\"]}]},{\"@type\":\"BreadcrumbList\",\"@id\":\"https:\\\/\\\/www.generalcom.hu\\\/impresszum\\\/#breadcrumb\",\"itemListElement\":[{\"@type\":\"ListItem\",\"position\":1,\"name\":\"Home\",\"item\":\"https:\\\/\\\/www.generalcom.hu\\\/\"},{\"@type\":\"ListItem\",\"position\":2,\"name\":\"Impresszum\"}]},{\"@type\":\"WebSite\",\"@id\":\"https:\\\/\\\/www.generalcom.hu\\\/#website\",\"url\":\"https:\\\/\\\/www.generalcom.hu\\\/\",\"name\":\"GeneralCom\",\"description\":\"Megb\u00edzhat\u00f3 \u00e9s hat\u00e9kony t\u00e1vk\u00f6zl\u00e9si h\u00e1l\u00f3zatokat \u00e9p\u00edt\u00fcnk 25+ \u00e9ve\",\"publisher\":{\"@id\":\"https:\\\/\\\/www.generalcom.hu\\\/#organization\"},\"potentialAction\":[{\"@type\":\"SearchAction\",\"target\":{\"@type\":\"EntryPoint\",\"urlTemplate\":\"https:\\\/\\\/www.generalcom.hu\\\/?s={search_term_string}\"},\"query-input\":{\"@type\":\"PropertyValueSpecification\",\"valueRequired\":true,\"valueName\":\"search_term_string\"}}],\"inLanguage\":\"en-GB\"},{\"@type\":\"Organization\",\"@id\":\"https:\\\/\\\/www.generalcom.hu\\\/#organization\",\"name\":\"GeneralCom\",\"url\":\"https:\\\/\\\/www.generalcom.hu\\\/\",\"logo\":{\"@type\":\"ImageObject\",\"inLanguage\":\"en-GB\",\"@id\":\"https:\\\/\\\/www.generalcom.hu\\\/#\\\/schema\\\/logo\\\/image\\\/\",\"url\":\"https:\\\/\\\/www.generalcom.hu\\\/wp-content\\\/uploads\\\/logo.svg\",\"contentUrl\":\"https:\\\/\\\/www.generalcom.hu\\\/wp-content\\\/uploads\\\/logo.svg\",\"width\":287,\"height\":45,\"caption\":\"GeneralCom\"},\"image\":{\"@id\":\"https:\\\/\\\/www.generalcom.hu\\\/#\\\/schema\\\/logo\\\/image\\\/\"},\"sameAs\":[\"https:\\\/\\\/www.facebook.com\\\/generalcomkft\\\/\",\"https:\\\/\\\/www.instagram.com\\\/generalcom.ig\"],\"description\":\"Kulcsrak\u00e9sz \u00e9s testreszabott megold\u00e1sokat sz\u00e1ll\u00edtunk komplex h\u00e1l\u00f3zati kih\u00edv\u00e1sokra t\u00f6bb mint 25 \u00e9ve.\",\"email\":\"generalcom@generalcom.hu\",\"telephone\":\"+3623444634\",\"legalName\":\"GeneralCom M\u00e9rn\u00f6ki Kft.\",\"foundingDate\":\"1996-01-01\",\"numberOfEmployees\":{\"@type\":\"QuantitativeValue\",\"minValue\":\"11\",\"maxValue\":\"50\"},\"ownershipFundingInfo\":\"https:\\\/\\\/www.generalcom.hu\\\/impresszum\\\/\"}]}<\/script>\n<!-- \/ Yoast SEO Premium plugin. -->","yoast_head_json":{"title":"Impressum - GeneralCom","robots":{"index":"index","follow":"follow","max-snippet":"max-snippet:-1","max-image-preview":"max-image-preview:large","max-video-preview":"max-video-preview:-1"},"canonical":"https:\/\/www.generalcom.hu\/en\/impressum\/","og_locale":"en_GB","og_type":"article","og_title":"Impresszum","og_description":"Impresszum A weboldal tulajdonos\u00e1nak \u00e9s t\u00e1rhelyszolg\u00e1ltat\u00f3j\u00e1nak adatai \u00e9s el\u00e9rhet\u0151s\u00e9gei. Weboldal tulajdonos\u00e1nak adatai N\u00e9v: GeneralCom M\u00e9rn\u00f6ki Kft. Sz\u00e9khely: 2040 Buda\u00f6rs, Farkasr\u00e9ti \u00fat 1. Ad\u00f3sz\u00e1m: 12146051-2-13 Elektronikus levelez\u00e9si c\u00edm: generalcom@generalcom.hu Weboldal c\u00edme: www.generalcom.hu T\u00e1rhely tulajdonos\u00e1nak adatai N\u00e9v: GeneralCom M\u00e9rn\u00f6ki Kft. Sz\u00e9khely: 2040 Buda\u00f6rs, Farkasr\u00e9ti \u00fat 1. Ad\u00f3sz\u00e1m: 12146051-2-13 C\u00e9gjegyz\u00e9ksz\u00e1m: 13-09-072373 Elektronikus levelez\u00e9si c\u00edm: generalcom@generalcom.hu Telefonsz\u00e1m: +3623-444-634 Weboldal [&hellip;]","og_url":"https:\/\/www.generalcom.hu\/en\/impressum\/","og_site_name":"GeneralCom","article_publisher":"https:\/\/www.facebook.com\/generalcomkft\/","article_modified_time":"2025-02-11T17:58:16+00:00","twitter_card":"summary_large_image","twitter_misc":{"Estimated reading time":"1 minute"},"schema":{"@context":"https:\/\/schema.org","@graph":[{"@type":"WebPage","@id":"https:\/\/www.generalcom.hu\/impresszum\/","url":"https:\/\/www.generalcom.hu\/impresszum\/","name":"Impressum - GeneralCom","isPartOf":{"@id":"https:\/\/www.generalcom.hu\/#website"},"datePublished":"2024-12-08T11:34:03+00:00","dateModified":"2025-02-11T17:58:16+00:00","breadcrumb":{"@id":"https:\/\/www.generalcom.hu\/impresszum\/#breadcrumb"},"inLanguage":"en-GB","potentialAction":[{"@type":"ReadAction","target":["https:\/\/www.generalcom.hu\/impresszum\/"]}]},{"@type":"BreadcrumbList","@id":"https:\/\/www.generalcom.hu\/impresszum\/#breadcrumb","itemListElement":[{"@type":"ListItem","position":1,"name":"Home","item":"https:\/\/www.generalcom.hu\/"},{"@type":"ListItem","position":2,"name":"Impresszum"}]},{"@type":"WebSite","@id":"https:\/\/www.generalcom.hu\/#website","url":"https:\/\/www.generalcom.hu\/","name":"GeneralCom","description":"Megb\u00edzhat\u00f3 \u00e9s hat\u00e9kony t\u00e1vk\u00f6zl\u00e9si h\u00e1l\u00f3zatokat \u00e9p\u00edt\u00fcnk 25+ \u00e9ve","publisher":{"@id":"https:\/\/www.generalcom.hu\/#organization"},"potentialAction":[{"@type":"SearchAction","target":{"@type":"EntryPoint","urlTemplate":"https:\/\/www.generalcom.hu\/?s={search_term_string}"},"query-input":{"@type":"PropertyValueSpecification","valueRequired":true,"valueName":"search_term_string"}}],"inLanguage":"en-GB"},{"@type":"Organization","@id":"https:\/\/www.generalcom.hu\/#organization","name":"GeneralCom","url":"https:\/\/www.generalcom.hu\/","logo":{"@type":"ImageObject","inLanguage":"en-GB","@id":"https:\/\/www.generalcom.hu\/#\/schema\/logo\/image\/","url":"https:\/\/www.generalcom.hu\/wp-content\/uploads\/logo.svg","contentUrl":"https:\/\/www.generalcom.hu\/wp-content\/uploads\/logo.svg","width":287,"height":45,"caption":"GeneralCom"},"image":{"@id":"https:\/\/www.generalcom.hu\/#\/schema\/logo\/image\/"},"sameAs":["https:\/\/www.facebook.com\/generalcomkft\/","https:\/\/www.instagram.com\/generalcom.ig"],"description":"Providing turnkey and customised solutions for complex network challenges for more than 25 years.","email":"generalcom@generalcom.hu","telephone":"+3623444634","legalName":"GeneralCom M\u00e9rn\u00f6ki Kft.","foundingDate":"1996-01-01","numberOfEmployees":{"@type":"QuantitativeValue","minValue":"11","maxValue":"50"},"ownershipFundingInfo":"https:\/\/www.generalcom.hu\/impresszum\/"}]}},"_links":{"self":[{"href":"https:\/\/www.generalcom.hu\/en\/wp-json\/wp\/v2\/pages\/407","targetHints":{"allow":["GET"]}}],"collection":[{"href":"https:\/\/www.generalcom.hu\/en\/wp-json\/wp\/v2\/pages"}],"about":[{"href":"https:\/\/www.generalcom.hu\/en\/wp-json\/wp\/v2\/types\/page"}],"author":[{"embeddable":true,"href":"https:\/\/www.generalcom.hu\/en\/wp-json\/wp\/v2\/users\/1"}],"replies":[{"embeddable":true,"href":"https:\/\/www.generalcom.hu\/en\/wp-json\/wp\/v2\/comments?post=407"}],"version-history":[{"count":19,"href":"https:\/\/www.generalcom.hu\/en\/wp-json\/wp\/v2\/pages\/407\/revisions"}],"predecessor-version":[{"id":1983,"href":"https:\/\/www.generalcom.hu\/en\/wp-json\/wp\/v2\/pages\/407\/revisions\/1983"}],"wp:attachment":[{"href":"https:\/\/www.generalcom.hu\/en\/wp-json\/wp\/v2\/media?parent=407"}],"curies":[{"name":"wp","href":"https:\/\/api.w.org\/{rel}","templated":true}]}}