{"id":2039,"date":"2025-03-03T19:59:44","date_gmt":"2025-03-03T18:59:44","guid":{"rendered":"https:\/\/www.generalcom.hu\/?page_id=2039"},"modified":"2025-06-17T12:26:11","modified_gmt":"2025-06-17T11:26:11","slug":"szechenyi-2020","status":"publish","type":"page","link":"https:\/\/www.generalcom.hu\/en\/szechenyi-2020\/","title":{"rendered":"Sz\u00e9chenyi 2020"},"content":{"rendered":"<div data-elementor-type=\"wp-page\" data-elementor-id=\"2039\" class=\"elementor elementor-2039\" data-elementor-post-type=\"page\">\n\t\t\t\t<div class=\"elementor-element elementor-element-557814f e-flex e-con-boxed e-con e-parent\" data-id=\"557814f\" data-element_type=\"container\" data-e-type=\"container\" data-settings=\"{&quot;jet_parallax_layout_list&quot;:[]}\">\n\t\t\t\t\t<div class=\"e-con-inner\">\n\t\t<div class=\"elementor-element elementor-element-6e7fc64 e-con-full e-flex e-con e-child\" data-id=\"6e7fc64\" data-element_type=\"container\" data-e-type=\"container\" data-settings=\"{&quot;jet_parallax_layout_list&quot;:[]}\">\n\t\t\t\t<div class=\"elementor-element elementor-element-42dc52f elementor-widget elementor-widget-heading\" data-id=\"42dc52f\" data-element_type=\"widget\" data-e-type=\"widget\" data-widget_type=\"heading.default\">\n\t\t\t\t\t<h1 class=\"elementor-heading-title elementor-size-default\">Sz\u00e9chenyi 2020<\/h1>\t\t\t\t<\/div>\n\t\t\t\t<\/div>\n\t\t<div class=\"elementor-element elementor-element-709d3ab e-con-full e-flex e-con e-child\" data-id=\"709d3ab\" data-element_type=\"container\" data-e-type=\"container\" data-settings=\"{&quot;jet_parallax_layout_list&quot;:[]}\">\n\t\t<div class=\"elementor-element elementor-element-049c2e6 e-con-full e-flex e-con e-child\" data-id=\"049c2e6\" data-element_type=\"container\" data-e-type=\"container\" data-settings=\"{&quot;jet_parallax_layout_list&quot;:[]}\">\n\t\t\t\t<div class=\"elementor-element elementor-element-d920f95 elementor-widget elementor-widget-text-editor\" data-id=\"d920f95\" data-element_type=\"widget\" data-e-type=\"widget\" data-widget_type=\"text-editor.default\">\n\t\t\t\t\t\t\t\t\t<p>Find out more about our Sz\u00e9chenyi 2020 project.<\/p>\t\t\t\t\t\t\t\t<\/div>\n\t\t\t\t<\/div>\n\t\t\t\t<\/div>\n\t\t\t\t\t<\/div>\n\t\t\t\t<\/div>\n\t\t<div class=\"elementor-element elementor-element-8d875a8 e-con-full e-flex e-con e-parent\" data-id=\"8d875a8\" data-element_type=\"container\" data-e-type=\"container\" data-settings=\"{&quot;jet_parallax_layout_list&quot;:[]}\">\n\t\t\t\t<div class=\"elementor-element elementor-element-661163f elementor-widget-divider--view-line elementor-widget elementor-widget-divider\" data-id=\"661163f\" data-element_type=\"widget\" data-e-type=\"widget\" data-widget_type=\"divider.default\">\n\t\t\t\t\t\t\t<div class=\"elementor-divider\">\n\t\t\t<span class=\"elementor-divider-separator\">\n\t\t\t\t\t\t<\/span>\n\t\t<\/div>\n\t\t\t\t\t\t<\/div>\n\t\t\t\t<\/div>\n\t\t<div class=\"elementor-element elementor-element-50f9568 e-flex e-con-boxed e-con e-parent\" data-id=\"50f9568\" data-element_type=\"container\" data-e-type=\"container\" data-settings=\"{&quot;jet_parallax_layout_list&quot;:[]}\">\n\t\t\t\t\t<div class=\"e-con-inner\">\n\t\t<div class=\"elementor-element elementor-element-104d54d e-con-full e-flex e-con e-child\" data-id=\"104d54d\" data-element_type=\"container\" data-e-type=\"container\" data-settings=\"{&quot;jet_parallax_layout_list&quot;:[]}\">\n\t\t\t\t<div class=\"elementor-element elementor-element-eab88a2 elementor-widget elementor-widget-heading\" data-id=\"eab88a2\" data-element_type=\"widget\" data-e-type=\"widget\" data-widget_type=\"heading.default\">\n\t\t\t\t\t<h2 class=\"elementor-heading-title elementor-size-default\">Name of the project: Implementation of Workplace Training at GeneralCom Ltd.<\/h2>\t\t\t\t<\/div>\n\t\t\t\t<div class=\"elementor-element elementor-element-e8d3eee elementor-widget elementor-widget-text-editor\" data-id=\"e8d3eee\" data-element_type=\"widget\" data-e-type=\"widget\" data-widget_type=\"text-editor.default\">\n\t\t\t\t\t\t\t\t\t<p><br \/>Project ID: VEKOP-8.5.3-17-2018-00060<br \/>Amount of funding: HUF 4,981,000<br \/>Start of project implementation: 04\/09\/2019<br \/>End of project implementation: 30\/04\/2021<\/p>\t\t\t\t\t\t\t\t<\/div>\n\t\t\t\t<\/div>\n\t\t<div class=\"elementor-element elementor-element-ffd3dfb e-con-full e-flex e-con e-child\" data-id=\"ffd3dfb\" data-element_type=\"container\" data-e-type=\"container\" data-settings=\"{&quot;jet_parallax_layout_list&quot;:[]}\">\n\t\t\t\t<div class=\"elementor-element elementor-element-5027692 elementor-widget elementor-widget-heading\" data-id=\"5027692\" data-element_type=\"widget\" data-e-type=\"widget\" data-widget_type=\"heading.default\">\n\t\t\t\t\t<h2 class=\"elementor-heading-title elementor-size-default\">Introduction of the project<\/h2>\t\t\t\t<\/div>\n\t\t\t\t<div class=\"elementor-element elementor-element-db14ac5 elementor-widget elementor-widget-text-editor\" data-id=\"db14ac5\" data-element_type=\"widget\" data-e-type=\"widget\" data-widget_type=\"text-editor.default\">\n\t\t\t\t\t\t\t\t\t<p>Our company, GeneralCom M\u00e9rn\u00f6ki Kft., is a leading player in the field of mobile telecommunications in Hungary. We provide our services to mobile and fixed telecommunications operators as well as international telecommunications equipment manufacturers. During the turnkey construction of a typical mobile base station, we first find the right location for the service provider and negotiate the lease contract. We then prepare technical drawings, structural and construction plans and steel structures. During the construction phase, we carry out the structural work, install the radio equipment, carry out the electrical work and set up the transmission connections.<\/p>\t\t\t\t\t\t\t\t<\/div>\n\t\t\t\t<div class=\"elementor-element elementor-element-32713b1 elementor-widget elementor-widget-text-editor\" data-id=\"32713b1\" data-element_type=\"widget\" data-e-type=\"widget\" data-widget_type=\"text-editor.default\">\n\t\t\t\t\t\t\t\t\tWe place great emphasis on the continuous training of our professionals to ensure high professional standards. Our engineers and project managers attend regular chamber, internal and external training courses. Our integrated management system keeps track of and monitors the training of our staff.\t\t\t\t\t\t\t\t<\/div>\n\t\t\t\t<div class=\"elementor-element elementor-element-cd3ba61 elementor-widget elementor-widget-text-editor\" data-id=\"cd3ba61\" data-element_type=\"widget\" data-e-type=\"widget\" data-widget_type=\"text-editor.default\">\n\t\t\t\t\t\t\t\t\tA large part of our tasks involves working at height. As the legal requirements have become stricter in this respect, an OKJ qualification is required for such work. Among the training courses, 10 people will be trained as industrial mountaineers. The training is a 150-hour training course. The increasing expectations of our customers and the often inflexible attitude of our clients mean that everyday work generates considerable conflict and stress. When dealing with external partners, it is of paramount importance to be able to present our offer, our services and our position in a way that is effective. The digitalisation of office work also raises expectations for the strengthening of IT competences. We also expect training to bring significant efficiency gains.\t\t\t\t\t\t\t\t<\/div>\n\t\t\t\t<div class=\"elementor-element elementor-element-8b4baf6 elementor-widget elementor-widget-text-editor\" data-id=\"8b4baf6\" data-element_type=\"widget\" data-e-type=\"widget\" data-widget_type=\"text-editor.default\">\n\t\t\t\t\t\t\t\t\tICT training is planned for the project, Excel and ECDL (database management). Knowledge of excel and access is essential for daily work and especially for project planning. At the moment a good part of our employees do not have sufficient knowledge and we would like to improve this. We are planning a comprehensive leadership skills training (Effective Leadership Skills) for the management which will last 28 hours and will be attended by 17 people. This could increase the motivational capacity of leaders and improve leadership attitudes. A preliminary knowledge assessment has been carried out by the selected Training Institution when designing the training and the programme will be fully tailored to our needs.\t\t\t\t\t\t\t\t<\/div>\n\t\t\t\t<\/div>\n\t\t<div class=\"elementor-element elementor-element-0980d65 e-con-full e-flex e-con e-child\" data-id=\"0980d65\" data-element_type=\"container\" data-e-type=\"container\" data-settings=\"{&quot;jet_parallax_layout_list&quot;:[]}\">\n\t\t\t\t<div class=\"elementor-element elementor-element-c78ce4e elementor-widget elementor-widget-heading\" data-id=\"c78ce4e\" data-element_type=\"widget\" data-e-type=\"widget\" data-widget_type=\"heading.default\">\n\t\t\t\t\t<h2 class=\"elementor-heading-title elementor-size-default\">Detailed content<\/h2>\t\t\t\t<\/div>\n\t\t<div class=\"elementor-element elementor-element-1f10b78 e-con-full e-flex e-con e-child\" data-id=\"1f10b78\" data-element_type=\"container\" data-e-type=\"container\" data-settings=\"{&quot;jet_parallax_layout_list&quot;:[]}\">\n\t\t\t\t<div class=\"elementor-element elementor-element-75801e6 elementor-widget elementor-widget-heading\" data-id=\"75801e6\" data-element_type=\"widget\" data-e-type=\"widget\" data-widget_type=\"heading.default\">\n\t\t\t\t\t<h2 class=\"elementor-heading-title elementor-size-default\">Resilience training<\/h2>\t\t\t\t<\/div>\n\t\t\t\t<div class=\"elementor-element elementor-element-7edd8d6 elementor-widget elementor-widget-text-editor\" data-id=\"7edd8d6\" data-element_type=\"widget\" data-e-type=\"widget\" data-widget_type=\"text-editor.default\">\n\t\t\t\t\t\t\t\t\t<ul><li>Managing stress properly at home and at work,<\/li><li>De-stressing skills to relieve stress,<\/li><li>Communication skills to relieve stress,<\/li><li>Setting worthwhile, achievable goals, personal action planning,<\/li><li>Cognitive coping techniques,<\/li><li>Physical activity, relaxation quick techniques.<\/li><\/ul>\t\t\t\t\t\t\t\t<\/div>\n\t\t\t\t<div class=\"elementor-element elementor-element-7327454 elementor-widget elementor-widget-heading\" data-id=\"7327454\" data-element_type=\"widget\" data-e-type=\"widget\" data-widget_type=\"heading.default\">\n\t\t\t\t\t<h4 class=\"elementor-heading-title elementor-size-default\">Impact of training<\/h4>\t\t\t\t<\/div>\n\t\t\t\t<div class=\"elementor-element elementor-element-a260a2a elementor-widget elementor-widget-text-editor\" data-id=\"a260a2a\" data-element_type=\"widget\" data-e-type=\"widget\" data-widget_type=\"text-editor.default\">\n\t\t\t\t\t\t\t\t\t<ul><li>Employees get an idea of their own resilience level and condition.<\/li><li>They discover hidden inner resources and learn techniques to strengthen their mental stamina.<\/li><li>They will be able to handle difficult situations.<\/li><li>They can manage stress.<\/li><\/ul>\t\t\t\t\t\t\t\t<\/div>\n\t\t\t\t<div class=\"elementor-element elementor-element-b4899a1 elementor-widget elementor-widget-text-editor\" data-id=\"b4899a1\" data-element_type=\"widget\" data-e-type=\"widget\" data-widget_type=\"text-editor.default\">\n\t\t\t\t\t\t\t\t\t<p>Training duration 24 hours.<\/p><p>Number of participants: 25 (in 2 groups)<\/p>\t\t\t\t\t\t\t\t<\/div>\n\t\t\t\t<\/div>\n\t\t<div class=\"elementor-element elementor-element-a265df8 e-con-full e-flex e-con e-child\" data-id=\"a265df8\" data-element_type=\"container\" data-e-type=\"container\" data-settings=\"{&quot;jet_parallax_layout_list&quot;:[]}\">\n\t\t\t\t<div class=\"elementor-element elementor-element-17d4316 elementor-widget elementor-widget-heading\" data-id=\"17d4316\" data-element_type=\"widget\" data-e-type=\"widget\" data-widget_type=\"heading.default\">\n\t\t\t\t\t<h2 class=\"elementor-heading-title elementor-size-default\">Effective leadership training<\/h2>\t\t\t\t<\/div>\n\t\t\t\t<div class=\"elementor-element elementor-element-d4139ec elementor-widget elementor-widget-text-editor\" data-id=\"d4139ec\" data-element_type=\"widget\" data-e-type=\"widget\" data-widget_type=\"text-editor.default\">\n\t\t\t\t\t\t\t\t\tPerhaps the most important ingredient in the recipe for success is self-awareness and motivation. If these two are in place, success is 90% guaranteed. Often, even if we are motivated, even if we do our best, the world around us does not see us as we would like to see ourselves!\t\t\t\t\t\t\t\t<\/div>\n\t\t\t\t<div class=\"elementor-element elementor-element-8cefa57 elementor-widget elementor-widget-text-editor\" data-id=\"8cefa57\" data-element_type=\"widget\" data-e-type=\"widget\" data-widget_type=\"text-editor.default\">\n\t\t\t\t\t\t\t\t\tThe training will help participants to get to know themselves better, find and sustain the motivation within themselves to impact their own and their subordinates' performance and overall business results. Together we will discover the key points that are necessary to truly manage ourselves!\t\t\t\t\t\t\t\t<\/div>\n\t\t\t\t<div class=\"elementor-element elementor-element-471f306 elementor-widget elementor-widget-text-editor\" data-id=\"471f306\" data-element_type=\"widget\" data-e-type=\"widget\" data-widget_type=\"text-editor.default\">\n\t\t\t\t\t\t\t\t\t<p>It aims to enable managers to<\/p><ul><li>Know their own communication style, know how to represent themselves<\/li><li>Identify and manage their own needs and activities<\/li><li>Be able to mentally create the goal, keeping it in focus<\/li><li>Be able to take action to achieve their goals, even if it seems difficult<\/li><li>Clarify the values that help them achieve their goals<\/li><li>Effectively give feedback on the performance of their staff<\/li><li>Constantly be able to manage the performance of others<\/li><li>Learn how to delegate tasks<\/li><\/ul>\t\t\t\t\t\t\t\t<\/div>\n\t\t\t\t<div class=\"elementor-element elementor-element-3bcd2bb elementor-widget elementor-widget-text-editor\" data-id=\"3bcd2bb\" data-element_type=\"widget\" data-e-type=\"widget\" data-widget_type=\"text-editor.default\">\n\t\t\t\t\t\t\t\t\t<p>Be able to manage and motivate teams<\/p><p>Number of training hours: 28 hours<\/p><p>Number of participants: 17 person<\/p>\t\t\t\t\t\t\t\t<\/div>\n\t\t\t\t<\/div>\n\t\t<div class=\"elementor-element elementor-element-a5373db e-con-full e-flex e-con e-child\" data-id=\"a5373db\" data-element_type=\"container\" data-e-type=\"container\" data-settings=\"{&quot;jet_parallax_layout_list&quot;:[]}\">\n\t\t\t\t<div class=\"elementor-element elementor-element-4d2d902 elementor-widget elementor-widget-heading\" data-id=\"4d2d902\" data-element_type=\"widget\" data-e-type=\"widget\" data-widget_type=\"heading.default\">\n\t\t\t\t\t<h2 class=\"elementor-heading-title elementor-size-default\">ICT training<\/h2>\t\t\t\t<\/div>\n\t\t\t\t<div class=\"elementor-element elementor-element-f6eada3 elementor-widget elementor-widget-text-editor\" data-id=\"f6eada3\" data-element_type=\"widget\" data-e-type=\"widget\" data-widget_type=\"text-editor.default\">\n\t\t\t\t\t\t\t\t\t<p>Excel and Access training.<\/p><div>\u00a0<\/div><div>\u00a0<\/div>\t\t\t\t\t\t\t\t<\/div>\n\t\t\t\t<\/div>\n\t\t\t\t<\/div>\n\t\t\t\t\t<\/div>\n\t\t\t\t<\/div>\n\t\t\t\t<\/div>","protected":false},"excerpt":{"rendered":"<p>Sz\u00e9chenyi 2020 T\u00e1j\u00e9koz\u00f3djon Sz\u00e9chenyi 2020 p\u00e1ly\u00e1zatunkkal \u00e9s projekt\u00fcnkkel kapcsolatban. A projekt neve: Munkahelyi k\u00e9pz\u00e9sek megval\u00f3s\u00edt\u00e1sa a Generalcom Kft.-n\u00e9l A projekt azonos\u00edt\u00f3 sz\u00e1ma: VEKOP-8.5.3-17-2018-00060A t\u00e1mogat\u00e1s \u00f6sszege: 4 981 000 FtA projekt megval\u00f3s\u00edt\u00e1s\u00e1nak kezdete: 2019.09.04.A projekt megval\u00f3s\u00edt\u00e1s\u00e1nak v\u00e9ge: 2021.04.30. Projekt bemutat\u00e1sa C\u00e9g\u00fcnk, a GeneralCom M\u00e9rn\u00f6ki Kft. a hazai mobil t\u00e1vk\u00f6zl\u00e9si kivitelez\u00e9s meghat\u00e1roz\u00f3 szerepl\u0151je. Szolg\u00e1ltat\u00e1sainkat mobil \u00e9s vezet\u00e9kes [&hellip;]<\/p>\n","protected":false},"author":2,"featured_media":0,"parent":0,"menu_order":0,"comment_status":"closed","ping_status":"closed","template":"","meta":{"inline_featured_image":false,"footnotes":""},"class_list":["post-2039","page","type-page","status-publish","hentry"],"yoast_head":"<!-- This site is optimized with the Yoast SEO Premium plugin v27.2 (Yoast SEO v27.2) - https:\/\/yoast.com\/product\/yoast-seo-premium-wordpress\/ -->\n<title>Sz\u00e9chenyi 2020 - GeneralCom<\/title>\n<meta name=\"robots\" content=\"index, follow, max-snippet:-1, max-image-preview:large, max-video-preview:-1\" \/>\n<link rel=\"canonical\" href=\"https:\/\/www.generalcom.hu\/en\/szechenyi-2020\/\" \/>\n<meta property=\"og:locale\" content=\"en_GB\" \/>\n<meta property=\"og:type\" content=\"article\" \/>\n<meta property=\"og:title\" content=\"Sz\u00e9chenyi 2020\" \/>\n<meta property=\"og:description\" content=\"Sz\u00e9chenyi 2020 T\u00e1j\u00e9koz\u00f3djon Sz\u00e9chenyi 2020 p\u00e1ly\u00e1zatunkkal \u00e9s projekt\u00fcnkkel kapcsolatban. A projekt neve: Munkahelyi k\u00e9pz\u00e9sek megval\u00f3s\u00edt\u00e1sa a Generalcom Kft.-n\u00e9l A projekt azonos\u00edt\u00f3 sz\u00e1ma: VEKOP-8.5.3-17-2018-00060A t\u00e1mogat\u00e1s \u00f6sszege: 4 981 000 FtA projekt megval\u00f3s\u00edt\u00e1s\u00e1nak kezdete: 2019.09.04.A projekt megval\u00f3s\u00edt\u00e1s\u00e1nak v\u00e9ge: 2021.04.30. Projekt bemutat\u00e1sa C\u00e9g\u00fcnk, a GeneralCom M\u00e9rn\u00f6ki Kft. a hazai mobil t\u00e1vk\u00f6zl\u00e9si kivitelez\u00e9s meghat\u00e1roz\u00f3 szerepl\u0151je. Szolg\u00e1ltat\u00e1sainkat mobil \u00e9s vezet\u00e9kes [&hellip;]\" \/>\n<meta property=\"og:url\" content=\"https:\/\/www.generalcom.hu\/en\/szechenyi-2020\/\" \/>\n<meta property=\"og:site_name\" content=\"GeneralCom\" \/>\n<meta property=\"article:publisher\" content=\"https:\/\/www.facebook.com\/generalcomkft\/\" \/>\n<meta property=\"article:modified_time\" content=\"2025-06-17T11:26:11+00:00\" \/>\n<meta name=\"twitter:card\" content=\"summary_large_image\" \/>\n<meta name=\"twitter:label1\" content=\"Estimated reading time\" \/>\n\t<meta name=\"twitter:data1\" content=\"4 minutes\" \/>\n<script type=\"application\/ld+json\" class=\"yoast-schema-graph\">{\"@context\":\"https:\/\/schema.org\",\"@graph\":[{\"@type\":\"WebPage\",\"@id\":\"https:\/\/www.generalcom.hu\/szechenyi-2020\/\",\"url\":\"https:\/\/www.generalcom.hu\/szechenyi-2020\/\",\"name\":\"Sz\u00e9chenyi 2020 - GeneralCom\",\"isPartOf\":{\"@id\":\"https:\/\/www.generalcom.hu\/#website\"},\"datePublished\":\"2025-03-03T18:59:44+00:00\",\"dateModified\":\"2025-06-17T11:26:11+00:00\",\"breadcrumb\":{\"@id\":\"https:\/\/www.generalcom.hu\/szechenyi-2020\/#breadcrumb\"},\"inLanguage\":\"en-GB\",\"potentialAction\":[{\"@type\":\"ReadAction\",\"target\":[\"https:\/\/www.generalcom.hu\/szechenyi-2020\/\"]}]},{\"@type\":\"BreadcrumbList\",\"@id\":\"https:\/\/www.generalcom.hu\/szechenyi-2020\/#breadcrumb\",\"itemListElement\":[{\"@type\":\"ListItem\",\"position\":1,\"name\":\"Home\",\"item\":\"https:\/\/www.generalcom.hu\/\"},{\"@type\":\"ListItem\",\"position\":2,\"name\":\"Sz\u00e9chenyi 2020\"}]},{\"@type\":\"WebSite\",\"@id\":\"https:\/\/www.generalcom.hu\/#website\",\"url\":\"https:\/\/www.generalcom.hu\/\",\"name\":\"GeneralCom\",\"description\":\"Megb\u00edzhat\u00f3 \u00e9s hat\u00e9kony t\u00e1vk\u00f6zl\u00e9si h\u00e1l\u00f3zatokat \u00e9p\u00edt\u00fcnk 25+ \u00e9ve\",\"publisher\":{\"@id\":\"https:\/\/www.generalcom.hu\/#organization\"},\"potentialAction\":[{\"@type\":\"SearchAction\",\"target\":{\"@type\":\"EntryPoint\",\"urlTemplate\":\"https:\/\/www.generalcom.hu\/?s={search_term_string}\"},\"query-input\":{\"@type\":\"PropertyValueSpecification\",\"valueRequired\":true,\"valueName\":\"search_term_string\"}}],\"inLanguage\":\"en-GB\"},{\"@type\":\"Organization\",\"@id\":\"https:\/\/www.generalcom.hu\/#organization\",\"name\":\"GeneralCom\",\"url\":\"https:\/\/www.generalcom.hu\/\",\"logo\":{\"@type\":\"ImageObject\",\"inLanguage\":\"en-GB\",\"@id\":\"https:\/\/www.generalcom.hu\/#\/schema\/logo\/image\/\",\"url\":\"https:\/\/www.generalcom.hu\/wp-content\/uploads\/logo.svg\",\"contentUrl\":\"https:\/\/www.generalcom.hu\/wp-content\/uploads\/logo.svg\",\"width\":287,\"height\":45,\"caption\":\"GeneralCom\"},\"image\":{\"@id\":\"https:\/\/www.generalcom.hu\/#\/schema\/logo\/image\/\"},\"sameAs\":[\"https:\/\/www.facebook.com\/generalcomkft\/\",\"https:\/\/www.instagram.com\/generalcom.ig\"],\"description\":\"Kulcsrak\u00e9sz \u00e9s testreszabott megold\u00e1sokat sz\u00e1ll\u00edtunk komplex h\u00e1l\u00f3zati kih\u00edv\u00e1sokra t\u00f6bb mint 25 \u00e9ve.\",\"email\":\"generalcom@generalcom.hu\",\"telephone\":\"+3623444634\",\"legalName\":\"GeneralCom M\u00e9rn\u00f6ki Kft.\",\"foundingDate\":\"1996-01-01\",\"numberOfEmployees\":{\"@type\":\"QuantitativeValue\",\"minValue\":\"11\",\"maxValue\":\"50\"},\"ownershipFundingInfo\":\"https:\/\/www.generalcom.hu\/impresszum\/\"}]}<\/script>\n<!-- \/ Yoast SEO Premium plugin. -->","yoast_head_json":{"title":"Sz\u00e9chenyi 2020 - GeneralCom","robots":{"index":"index","follow":"follow","max-snippet":"max-snippet:-1","max-image-preview":"max-image-preview:large","max-video-preview":"max-video-preview:-1"},"canonical":"https:\/\/www.generalcom.hu\/en\/szechenyi-2020\/","og_locale":"en_GB","og_type":"article","og_title":"Sz\u00e9chenyi 2020","og_description":"Sz\u00e9chenyi 2020 T\u00e1j\u00e9koz\u00f3djon Sz\u00e9chenyi 2020 p\u00e1ly\u00e1zatunkkal \u00e9s projekt\u00fcnkkel kapcsolatban. A projekt neve: Munkahelyi k\u00e9pz\u00e9sek megval\u00f3s\u00edt\u00e1sa a Generalcom Kft.-n\u00e9l A projekt azonos\u00edt\u00f3 sz\u00e1ma: VEKOP-8.5.3-17-2018-00060A t\u00e1mogat\u00e1s \u00f6sszege: 4 981 000 FtA projekt megval\u00f3s\u00edt\u00e1s\u00e1nak kezdete: 2019.09.04.A projekt megval\u00f3s\u00edt\u00e1s\u00e1nak v\u00e9ge: 2021.04.30. Projekt bemutat\u00e1sa C\u00e9g\u00fcnk, a GeneralCom M\u00e9rn\u00f6ki Kft. a hazai mobil t\u00e1vk\u00f6zl\u00e9si kivitelez\u00e9s meghat\u00e1roz\u00f3 szerepl\u0151je. Szolg\u00e1ltat\u00e1sainkat mobil \u00e9s vezet\u00e9kes [&hellip;]","og_url":"https:\/\/www.generalcom.hu\/en\/szechenyi-2020\/","og_site_name":"GeneralCom","article_publisher":"https:\/\/www.facebook.com\/generalcomkft\/","article_modified_time":"2025-06-17T11:26:11+00:00","twitter_card":"summary_large_image","twitter_misc":{"Estimated reading time":"4 minutes"},"schema":{"@context":"https:\/\/schema.org","@graph":[{"@type":"WebPage","@id":"https:\/\/www.generalcom.hu\/szechenyi-2020\/","url":"https:\/\/www.generalcom.hu\/szechenyi-2020\/","name":"Sz\u00e9chenyi 2020 - GeneralCom","isPartOf":{"@id":"https:\/\/www.generalcom.hu\/#website"},"datePublished":"2025-03-03T18:59:44+00:00","dateModified":"2025-06-17T11:26:11+00:00","breadcrumb":{"@id":"https:\/\/www.generalcom.hu\/szechenyi-2020\/#breadcrumb"},"inLanguage":"en-GB","potentialAction":[{"@type":"ReadAction","target":["https:\/\/www.generalcom.hu\/szechenyi-2020\/"]}]},{"@type":"BreadcrumbList","@id":"https:\/\/www.generalcom.hu\/szechenyi-2020\/#breadcrumb","itemListElement":[{"@type":"ListItem","position":1,"name":"Home","item":"https:\/\/www.generalcom.hu\/"},{"@type":"ListItem","position":2,"name":"Sz\u00e9chenyi 2020"}]},{"@type":"WebSite","@id":"https:\/\/www.generalcom.hu\/#website","url":"https:\/\/www.generalcom.hu\/","name":"GeneralCom","description":"Megb\u00edzhat\u00f3 \u00e9s hat\u00e9kony t\u00e1vk\u00f6zl\u00e9si h\u00e1l\u00f3zatokat \u00e9p\u00edt\u00fcnk 25+ \u00e9ve","publisher":{"@id":"https:\/\/www.generalcom.hu\/#organization"},"potentialAction":[{"@type":"SearchAction","target":{"@type":"EntryPoint","urlTemplate":"https:\/\/www.generalcom.hu\/?s={search_term_string}"},"query-input":{"@type":"PropertyValueSpecification","valueRequired":true,"valueName":"search_term_string"}}],"inLanguage":"en-GB"},{"@type":"Organization","@id":"https:\/\/www.generalcom.hu\/#organization","name":"GeneralCom","url":"https:\/\/www.generalcom.hu\/","logo":{"@type":"ImageObject","inLanguage":"en-GB","@id":"https:\/\/www.generalcom.hu\/#\/schema\/logo\/image\/","url":"https:\/\/www.generalcom.hu\/wp-content\/uploads\/logo.svg","contentUrl":"https:\/\/www.generalcom.hu\/wp-content\/uploads\/logo.svg","width":287,"height":45,"caption":"GeneralCom"},"image":{"@id":"https:\/\/www.generalcom.hu\/#\/schema\/logo\/image\/"},"sameAs":["https:\/\/www.facebook.com\/generalcomkft\/","https:\/\/www.instagram.com\/generalcom.ig"],"description":"Providing turnkey and customised solutions for complex network challenges for more than 25 years.","email":"generalcom@generalcom.hu","telephone":"+3623444634","legalName":"GeneralCom M\u00e9rn\u00f6ki Kft.","foundingDate":"1996-01-01","numberOfEmployees":{"@type":"QuantitativeValue","minValue":"11","maxValue":"50"},"ownershipFundingInfo":"https:\/\/www.generalcom.hu\/impresszum\/"}]}},"_links":{"self":[{"href":"https:\/\/www.generalcom.hu\/en\/wp-json\/wp\/v2\/pages\/2039","targetHints":{"allow":["GET"]}}],"collection":[{"href":"https:\/\/www.generalcom.hu\/en\/wp-json\/wp\/v2\/pages"}],"about":[{"href":"https:\/\/www.generalcom.hu\/en\/wp-json\/wp\/v2\/types\/page"}],"author":[{"embeddable":true,"href":"https:\/\/www.generalcom.hu\/en\/wp-json\/wp\/v2\/users\/2"}],"replies":[{"embeddable":true,"href":"https:\/\/www.generalcom.hu\/en\/wp-json\/wp\/v2\/comments?post=2039"}],"version-history":[{"count":18,"href":"https:\/\/www.generalcom.hu\/en\/wp-json\/wp\/v2\/pages\/2039\/revisions"}],"predecessor-version":[{"id":2139,"href":"https:\/\/www.generalcom.hu\/en\/wp-json\/wp\/v2\/pages\/2039\/revisions\/2139"}],"wp:attachment":[{"href":"https:\/\/www.generalcom.hu\/en\/wp-json\/wp\/v2\/media?parent=2039"}],"curies":[{"name":"wp","href":"https:\/\/api.w.org\/{rel}","templated":true}]}}